{"id":49,"date":"2025-06-08T14:54:02","date_gmt":"2025-06-08T13:54:02","guid":{"rendered":"http:\/\/www.alex-kletterschule.at\/?page_id=49"},"modified":"2025-10-24T19:06:00","modified_gmt":"2025-10-24T18:06:00","slug":"impressum-und-datenschutz","status":"publish","type":"page","link":"https:\/\/www.alex-kletterschule.at\/?page_id=49","title":{"rendered":"Impressum und Datenschutz"},"content":{"rendered":"\t\t<div data-elementor-type=\"wp-page\" data-elementor-id=\"49\" class=\"elementor elementor-49\" data-elementor-post-type=\"page\">\n\t\t\t\t<div class=\"elementor-element elementor-element-2e7490a e-flex e-con-boxed e-con e-parent\" data-id=\"2e7490a\" data-element_type=\"container\" data-e-type=\"container\">\n\t\t\t\t\t<div class=\"e-con-inner\">\n\t\t\t\t<div class=\"elementor-element elementor-element-427ded2 elementor-widget elementor-widget-heading\" data-id=\"427ded2\" data-element_type=\"widget\" data-e-type=\"widget\" data-widget_type=\"heading.default\">\n\t\t\t\t<div class=\"elementor-widget-container\">\n\t\t\t\t\t<h1 class=\"elementor-heading-title elementor-size-default\">Impressum<\/h1>\t\t\t\t<\/div>\n\t\t\t\t<\/div>\n\t\t\t\t\t<\/div>\n\t\t\t\t<\/div>\n\t\t<div class=\"elementor-element elementor-element-5af0f0b e-flex e-con-boxed e-con e-parent\" data-id=\"5af0f0b\" data-element_type=\"container\" data-e-type=\"container\">\n\t\t\t\t\t<div class=\"e-con-inner\">\n\t\t\t\t<div class=\"elementor-element elementor-element-76e9861 elementor-widget elementor-widget-text-editor\" data-id=\"76e9861\" data-element_type=\"widget\" data-e-type=\"widget\" data-widget_type=\"text-editor.default\">\n\t\t\t\t<div class=\"elementor-widget-container\">\n\t\t\t\t\t\t\t\t\t<p>Sportkletterlehrer<\/p><p>Alexander Oberlechner<br \/>Im Seger 4<br \/>6837 Weiler<br \/>\u00d6sterreich<\/p><p><strong>Unternehmensgegenstand<\/strong>: Dienstleister Sportklettern<\/p><p><strong>Tel.:<\/strong> 0660 3774863<br \/><strong>E-Mail:<\/strong> info@alex-kletterschule.at<\/p><p><strong>Mitglied bei:<\/strong> Tiroler Bergf\u00fchrerverband<\/p><p><strong>Berufsbezeichnung<\/strong>: staatlich befugter Sportkletterlehrer<br \/><strong>Verleihungsstaat<\/strong>: \u00d6sterreich<\/p>\t\t\t\t\t\t\t\t<\/div>\n\t\t\t\t<\/div>\n\t\t\t\t\t<\/div>\n\t\t\t\t<\/div>\n\t\t<div class=\"elementor-element elementor-element-7984abe e-flex e-con-boxed e-con e-parent\" data-id=\"7984abe\" data-element_type=\"container\" data-e-type=\"container\">\n\t\t\t\t\t<div class=\"e-con-inner\">\n\t\t\t\t<div class=\"elementor-element elementor-element-c672136 elementor-widget elementor-widget-html\" data-id=\"c672136\" data-element_type=\"widget\" data-e-type=\"widget\" data-widget_type=\"html.default\">\n\t\t\t\t<div class=\"elementor-widget-container\">\n\t\t\t\t\t\n    <h1>Datenschutzerkl\u00e4rung<\/h1>\n    <p>Der Schutz Ihrer pers\u00f6nlichen Daten ist uns ein besonderes Anliegen. Wir verarbeiten Ihre Daten daher ausschlie\u00dflich auf Grundlage der gesetzlichen Bestimmungen (DSGVO, TKG 2003). In diesen Datenschutzinformationen informieren wir Sie \u00fcber die wichtigsten Aspekte der Datenverarbeitung im Rahmen unserer Website.<\/p>\n\n    <h2>Kontakt mit uns<\/h2>\n    <p>Wenn Sie per Formular auf der Website, per E-Mail, WhatsApp oder telefonisch Kontakt mit uns aufnehmen, werden Ihre angegebenen Daten zwecks Bearbeitung der Anfrage und f\u00fcr den Fall von Anschlussfragen sechs Monate bei uns gespeichert. Diese Daten geben wir nicht ohne Ihre Einwilligung weiter.<\/p>\n\n    <h2>Hosting<\/h2>\n    <p>Unsere Website wird bei World4you (Serverstandort Europa) gehostet. Dabei werden Verbindungsdaten (IP-Adresse, Zeitpunkt, etc.) erfasst, um den sicheren Betrieb zu gew\u00e4hrleisten.<\/p>\n\n    <h2>Cookies & Cookie-Management<\/h2>\n    <p>Unsere Website verwendet Cookies zur Darstellung des Cookie-Banners (Real Cookie Banner Pro) und zum Schutz vor Angriffen (Wordfence). Real Cookie Banner dokumentiert die Einwilligung, um der Nachweispflicht laut DSGVO gerecht zu werden. Sie k\u00f6nnen das Setzen von Cookies in Ihrem Browser deaktivieren.<\/p>\n\n    <h2>Sicherheitsma\u00dfnahmen mit Wordfence<\/h2>\n    <p>Zur Absicherung dieser Website wird das Wordfence Security Plugin verwendet, ein Dienst der Defiant Inc. Wordfence verwendet Cookies und speichert IP-Adressen tempor\u00e4r, um Angriffe abzuwehren. Die Datenverarbeitung kann in die USA erfolgen. Mehr Infos: <a href=\"https:\/\/www.wordfence.com\/privacy-policy\/\" target=\"_blank\">https:\/\/www.wordfence.com\/privacy-policy\/<\/a>.<\/p>\n\n    <h2>Eingebettete Inhalte von anderen Websites<\/h2>\n    <p>Beitr\u00e4ge auf dieser Website k\u00f6nnen eingebettete Inhalte enthalten (z.\u202fB. YouTube-Videos, Google Maps). Diese Inhalte verhalten sich so, als ob der Besucher die andere Website besucht h\u00e4tte und k\u00f6nnen Cookies setzen.<\/p>\n\n    <h2>Google Fonts & Google Maps<\/h2>\n    <p>Diese Seite kann Google Fonts und Google Maps verwenden. Diese Dienste werden von Google Ireland Ltd., Gordon House, Barrow Street, Dublin 4, Irland, bereitgestellt. Dabei kann es zur \u00dcbertragung von IP-Adressen an Server von Google kommen. N\u00e4here Informationen finden Sie unter <a href=\"https:\/\/policies.google.com\" target=\"_blank\">https:\/\/policies.google.com<\/a>.<\/p>\n\n    <h2>Verwendung von Elementor<\/h2>\n    <p>Diese Website nutzt das Plugin Elementor und Elementor Pro, um Inhalte visuell darzustellen. Bei der Verwendung von Widgets wie YouTube oder Google Maps kann es zur Einbindung externer Inhalte kommen. Dabei k\u00f6nnen Drittanbieter personenbezogene Daten wie IP-Adressen erfassen.<\/p>\n\n    <h2>WhatsApp Kommunikation<\/h2>\n    <p>Wenn Sie uns \u00fcber WhatsApp kontaktieren, erfolgt die Kommunikation \u00fcber WhatsApp Ireland Limited, 4 Grand Canal Square, Dublin 2, Irland. Durch die Nutzung stimmen Sie den Datenschutzrichtlinien von WhatsApp zu. Es kann nicht ausgeschlossen werden, dass Daten an Meta Platforms Inc. (USA) \u00fcbermittelt werden.<\/p>\n\n    <h2>Instagram<\/h2>\n    <p>Unsere Seite verlinkt auf unser Instagram-Profil. Beim Besuch von Instagram gelten die Datenschutzbestimmungen von Meta Platforms Ireland Ltd., 4 Grand Canal Square, Dublin 2, Irland.<\/p>\n\n    <h2>Ihre Rechte<\/h2>\n    <p>Ihnen stehen grunds\u00e4tzlich die Rechte auf Auskunft, Berichtigung, L\u00f6schung, Einschr\u00e4nkung, Daten\u00fcbertragbarkeit, Widerruf und Widerspruch zu. Wenn Sie glauben, dass die Verarbeitung Ihrer Daten gegen das Datenschutzrecht verst\u00f6\u00dft oder Ihre datenschutzrechtlichen Anspr\u00fcche sonst in einer Weise verletzt worden sind, k\u00f6nnen Sie sich bei der Aufsichtsbeh\u00f6rde beschweren. In \u00d6sterreich ist dies die Datenschutzbeh\u00f6rde.<\/p>\n\n    \t\t\t\t<\/div>\n\t\t\t\t<\/div>\n\t\t\t\t\t<\/div>\n\t\t\t\t<\/div>\n\t\t<div class=\"elementor-element elementor-element-ddbaede e-flex e-con-boxed e-con e-parent\" data-id=\"ddbaede\" data-element_type=\"container\" data-e-type=\"container\">\n\t\t\t\t\t<div class=\"e-con-inner\">\n\t\t\t\t<div class=\"elementor-element elementor-element-45dfa13 elementor-widget elementor-widget-heading\" data-id=\"45dfa13\" data-element_type=\"widget\" data-e-type=\"widget\" data-widget_type=\"heading.default\">\n\t\t\t\t<div class=\"elementor-widget-container\">\n\t\t\t\t\t<h1 class=\"elementor-heading-title elementor-size-default\">Datenschutzverantwortlicher<\/h1>\t\t\t\t<\/div>\n\t\t\t\t<\/div>\n\t\t\t\t\t<\/div>\n\t\t\t\t<\/div>\n\t\t<div class=\"elementor-element elementor-element-54dd49e e-flex e-con-boxed e-con e-parent\" data-id=\"54dd49e\" data-element_type=\"container\" data-e-type=\"container\">\n\t\t\t\t\t<div class=\"e-con-inner\">\n\t\t\t\t<div class=\"elementor-element elementor-element-f458d6c elementor-widget elementor-widget-text-editor\" data-id=\"f458d6c\" data-element_type=\"widget\" data-e-type=\"widget\" data-widget_type=\"text-editor.default\">\n\t\t\t\t<div class=\"elementor-widget-container\">\n\t\t\t\t\t\t\t\t\t<p>Alexander Oberlechner<br \/>Im Seger 4<br \/>6837 Weiler<br \/>\u00d6sterreich<\/p><p><strong>E-Mail:<\/strong> info@alex-kletterschule.at<\/p>\t\t\t\t\t\t\t\t<\/div>\n\t\t\t\t<\/div>\n\t\t\t\t\t<\/div>\n\t\t\t\t<\/div>\n\t\t\t\t<\/div>\n\t\t","protected":false},"excerpt":{"rendered":"<p>Impressum Sportkletterlehrer Alexander OberlechnerIm Seger 46837 Weiler\u00d6sterreich Unternehmensgegenstand: Dienstleister Sportklettern Tel.: 0660 3774863E-Mail: info@alex-kletterschule.at Mitglied bei: Tiroler Bergf\u00fchrerverband Berufsbezeichnung: staatlich befugter SportkletterlehrerVerleihungsstaat: \u00d6sterreich Datenschutzerkl\u00e4rung Der Schutz Ihrer pers\u00f6nlichen Daten ist uns ein besonderes Anliegen. Wir verarbeiten Ihre Daten daher ausschlie\u00dflich auf Grundlage der gesetzlichen Bestimmungen (DSGVO, TKG 2003). In diesen Datenschutzinformationen informieren wir Sie \u00fcber [&hellip;]<\/p>\n","protected":false},"author":1,"featured_media":0,"parent":0,"menu_order":0,"comment_status":"closed","ping_status":"closed","template":"","meta":{"footnotes":""},"class_list":["post-49","page","type-page","status-publish","hentry"],"_links":{"self":[{"href":"https:\/\/www.alex-kletterschule.at\/index.php?rest_route=\/wp\/v2\/pages\/49","targetHints":{"allow":["GET"]}}],"collection":[{"href":"https:\/\/www.alex-kletterschule.at\/index.php?rest_route=\/wp\/v2\/pages"}],"about":[{"href":"https:\/\/www.alex-kletterschule.at\/index.php?rest_route=\/wp\/v2\/types\/page"}],"author":[{"embeddable":true,"href":"https:\/\/www.alex-kletterschule.at\/index.php?rest_route=\/wp\/v2\/users\/1"}],"replies":[{"embeddable":true,"href":"https:\/\/www.alex-kletterschule.at\/index.php?rest_route=%2Fwp%2Fv2%2Fcomments&post=49"}],"version-history":[{"count":13,"href":"https:\/\/www.alex-kletterschule.at\/index.php?rest_route=\/wp\/v2\/pages\/49\/revisions"}],"predecessor-version":[{"id":212,"href":"https:\/\/www.alex-kletterschule.at\/index.php?rest_route=\/wp\/v2\/pages\/49\/revisions\/212"}],"wp:attachment":[{"href":"https:\/\/www.alex-kletterschule.at\/index.php?rest_route=%2Fwp%2Fv2%2Fmedia&parent=49"}],"curies":[{"name":"wp","href":"https:\/\/api.w.org\/{rel}","templated":true}]}}